{"id":308,"date":"2015-12-10T13:34:31","date_gmt":"2015-12-10T16:34:31","guid":{"rendered":"http:\/\/www.ekirestaurante.com.br\/novo\/?page_id=308"},"modified":"2023-04-04T17:58:38","modified_gmt":"2023-04-04T20:58:38","slug":"cardapio-executivo","status":"publish","type":"page","link":"http:\/\/www.ekirestaurante.com.br\/novo\/index.php\/cardapio-executivo\/","title":{"rendered":"Card\u00e1pio Executivo"},"content":{"rendered":"<p>De segunda a sexta, at\u00e9 as 15h<\/p>\n<p><strong>PRATO QUENTE<\/strong><\/p>\n<p>Entrada + Prato Principal + Acompanhamento &#8211; 48,00<\/p>\n<p>Op\u00e7\u00f5es de Entrada:<br \/>\nMissoshiru<br \/>\nBattera (2 un)<br \/>\nHarumaki (2 un)<br \/>\nBolinho de Salm\u00e3o (2 un)<\/p>\n<p>Op\u00e7\u00f5es de Prato Principal:<br \/>\nSalm\u00e3o ao molho de maracuj\u00e1 ou mostarda e mel<br \/>\nFil\u00e9 de camorim grelhado<br \/>\nFil\u00e9 mignon ao molho tonkatsu ou teriyaki<br \/>\nPeito de frango ao molho tonkatsu ou teriyaki<\/p>\n<p>Op\u00e7\u00f5es de Acompanhamento:<br \/>\nGohan de br\u00f3colis<br \/>\nGohan de shitake ou shimeji<br \/>\nLegumes \u00e0 julienne<br \/>\nPur\u00ea de batata doce<br \/>\nYakimeshi<\/p>\n<p><strong>SUSHIBAR<\/strong><\/p>\n<p>Entrada + Prato Principal \u2013 53,00<\/p>\n<p>Op\u00e7\u00f5es de Prato Principal:<\/p>\n<p>Combinado 1: 4 uramaki, 4 filad\u00e9lfia de salm\u00e3o e 4 nigiri<br \/>\nCombinado 2: 4 nigiri, 4 sashimi e 4 hossomaki<br \/>\nCombinado 3: 4 nigiri, 4 sashimi e 4 hot roll<br \/>\nPoke: Salm\u00e3o e atum em cubos, arroz, pepino e abacate<\/p>\n<p>Os itens e valores podem sofrer altera\u00e7\u00f5es sem aviso pr\u00e9vio.<\/p>\n","protected":false},"excerpt":{"rendered":"<p>De segunda a sexta, at\u00e9 as 15h PRATO QUENTE Entrada + Prato Principal + Acompanhamento &#8211; 48,00 Op\u00e7\u00f5es de Entrada: Missoshiru Battera (2 un) Harumaki (2 un) Bolinho de Salm\u00e3o (2 un) Op\u00e7\u00f5es de Prato Principal: Salm\u00e3o ao molho de maracuj\u00e1 ou mostarda e mel Fil\u00e9 de camorim grelhado Fil\u00e9 mignon ao molho tonkatsu ou &hellip; <a href=\"http:\/\/www.ekirestaurante.com.br\/novo\/index.php\/cardapio-executivo\/\" class=\"more-link\">Continuar lendo <span class=\"screen-reader-text\">Card\u00e1pio Executivo<\/span><\/a><\/p>\n","protected":false},"author":2,"featured_media":579,"parent":0,"menu_order":1,"comment_status":"closed","ping_status":"closed","template":"executivo.php","meta":{"footnotes":""},"class_list":["post-308","page","type-page","status-publish","has-post-thumbnail","hentry"],"acf":[],"_links":{"self":[{"href":"http:\/\/www.ekirestaurante.com.br\/novo\/index.php\/wp-json\/wp\/v2\/pages\/308","targetHints":{"allow":["GET"]}}],"collection":[{"href":"http:\/\/www.ekirestaurante.com.br\/novo\/index.php\/wp-json\/wp\/v2\/pages"}],"about":[{"href":"http:\/\/www.ekirestaurante.com.br\/novo\/index.php\/wp-json\/wp\/v2\/types\/page"}],"author":[{"embeddable":true,"href":"http:\/\/www.ekirestaurante.com.br\/novo\/index.php\/wp-json\/wp\/v2\/users\/2"}],"replies":[{"embeddable":true,"href":"http:\/\/www.ekirestaurante.com.br\/novo\/index.php\/wp-json\/wp\/v2\/comments?post=308"}],"version-history":[{"count":10,"href":"http:\/\/www.ekirestaurante.com.br\/novo\/index.php\/wp-json\/wp\/v2\/pages\/308\/revisions"}],"predecessor-version":[{"id":710,"href":"http:\/\/www.ekirestaurante.com.br\/novo\/index.php\/wp-json\/wp\/v2\/pages\/308\/revisions\/710"}],"wp:featuredmedia":[{"embeddable":true,"href":"http:\/\/www.ekirestaurante.com.br\/novo\/index.php\/wp-json\/wp\/v2\/media\/579"}],"wp:attachment":[{"href":"http:\/\/www.ekirestaurante.com.br\/novo\/index.php\/wp-json\/wp\/v2\/media?parent=308"}],"curies":[{"name":"wp","href":"https:\/\/api.w.org\/{rel}","templated":true}]}}