{"id":6,"date":"2015-12-04T15:48:37","date_gmt":"2015-12-04T18:48:37","guid":{"rendered":"http:\/\/www.ekirestaurante.com.br\/novo\/?page_id=6"},"modified":"2023-05-11T11:36:45","modified_gmt":"2023-05-11T14:36:45","slug":"sobre-o-eki","status":"publish","type":"page","link":"http:\/\/www.ekirestaurante.com.br\/novo\/index.php\/sobre-o-eki\/","title":{"rendered":"Sobre o Eki"},"content":{"rendered":"<p><img loading=\"lazy\" decoding=\"async\" class=\"alignleft wp-image-350 size-medium\" src=\"http:\/\/www.ekirestaurante.com.br\/novo\/wp-content\/uploads\/2015\/12\/TremBalaRefDesenho-300x225.jpg\" alt=\"TremBalaRefDesenho\" width=\"300\" height=\"225\" srcset=\"http:\/\/www.ekirestaurante.com.br\/novo\/wp-content\/uploads\/2015\/12\/TremBalaRefDesenho-300x225.jpg 300w, http:\/\/www.ekirestaurante.com.br\/novo\/wp-content\/uploads\/2015\/12\/TremBalaRefDesenho-1024x768.jpg 1024w, http:\/\/www.ekirestaurante.com.br\/novo\/wp-content\/uploads\/2015\/12\/TremBalaRefDesenho.jpg 1200w\" sizes=\"auto, (max-width: 300px) 100vw, 300px\" \/>Eki significa esta\u00e7\u00e3o de trem em japon\u00eas.<\/p>\n<p>No Jap\u00e3o, uma esta\u00e7\u00e3o de trem \u00e9 um centro de converg\u00eancia de milhares de pessoas, onde encontram-se lojas de departamento, conveni\u00eancia, servi\u00e7os dos mais variados tipos, exposi\u00e7\u00f5es de arte e, principalmente, lojas de alimenta\u00e7\u00e3o, como cafeterias, quiosques, bares e restaurantes.<\/p>\n<p>O h\u00e1bito de comer andando n\u00e3o \u00e9 bem visto pelos japoneses. Desta forma, a esta\u00e7\u00e3o \u00e9 o lugar onde eles podem desfrutar de momentos de relaxamento e apreciar um prato de comida.<\/p>\n<p>Nosso objetivo \u00e9 te proporcionar uma viagem gastron\u00f4mica pela culin\u00e1ria japonesa, que sugere, sempre, experimentar suas duas cozinhas: o sushibar e os pratos quentes. Assim, apresentamos um roteiro que contempla muitas maravilhas dessa culin\u00e1ria. Prepare-se, pois nossos guias ajudar\u00e3o voc\u00ea a compor um saboroso menu.<\/p>\n<p>Aproveite a pausa, relaxe e seja bem-vindo a bordo!<\/p>\n<p>\u00a0<\/p>\n<h3>Nossas Lojas<\/h3>\n<p>As formas e conte\u00fado dos restaurantes Eki foram inspirados nas particularidades das esta\u00e7\u00f5es japonesas e traduzem, no Brasil, o conceito desses locais. O resultado da transposi\u00e7\u00e3o s\u00e3o espa\u00e7os aconchegantes e diferenciados, que impressionam olhos e paladares.<\/p>\n<p>Nosso primeiro restaurante foi inaugurado no ano de 2003, no Shopping Recife. Com todo o sucesso alcan\u00e7ado, dez anos depois, montamos nossa segunda loja no mais sofisticado complexo de lojas do Recife, o RioMar Recife.<\/p>\n<p>Entre fevereiro e mar\u00e7o de 2023, a primeira unidade passou por uma reforma geral. O ambiente foi totalmente repaginado, mantendo a for\u00e7a e excel\u00eancia que constru\u00edmos ao longo da nossa hist\u00f3ria.<\/p>\n<p><img loading=\"lazy\" decoding=\"async\" class=\"wp-image-355 alignnone\" src=\"http:\/\/www.ekirestaurante.com.br\/novo\/wp-content\/uploads\/2015\/12\/Eki-Recife-300x200.jpg\" alt=\"Eki Recife\" width=\"306\" height=\"204\" srcset=\"http:\/\/www.ekirestaurante.com.br\/novo\/wp-content\/uploads\/2015\/12\/Eki-Recife-300x200.jpg 300w, http:\/\/www.ekirestaurante.com.br\/novo\/wp-content\/uploads\/2015\/12\/Eki-Recife-1024x681.jpg 1024w, http:\/\/www.ekirestaurante.com.br\/novo\/wp-content\/uploads\/2015\/12\/Eki-Recife.jpg 1200w\" sizes=\"auto, (max-width: 306px) 100vw, 306px\" \/> <img loading=\"lazy\" decoding=\"async\" class=\"wp-image-356 alignright\" src=\"http:\/\/www.ekirestaurante.com.br\/novo\/wp-content\/uploads\/2015\/12\/Eki-Riomar-300x187.jpg\" alt=\"Eki Riomar\" width=\"324\" height=\"202\" srcset=\"http:\/\/www.ekirestaurante.com.br\/novo\/wp-content\/uploads\/2015\/12\/Eki-Riomar-300x187.jpg 300w, http:\/\/www.ekirestaurante.com.br\/novo\/wp-content\/uploads\/2015\/12\/Eki-Riomar.jpg 800w\" sizes=\"auto, (max-width: 324px) 100vw, 324px\" \/><\/p>\n\n\n<figure class=\"wp-block-image size-large is-resized\"><a href=\"http:\/\/www.ekirestaurante.com.br\/novo\/wp-content\/uploads\/2023\/05\/IMG_0577-scaled.jpg\"><img loading=\"lazy\" decoding=\"async\" src=\"http:\/\/www.ekirestaurante.com.br\/novo\/wp-content\/uploads\/2023\/05\/IMG_0577-1024x768.jpg\" alt=\"\" class=\"wp-image-713\" width=\"492\" height=\"369\" srcset=\"http:\/\/www.ekirestaurante.com.br\/novo\/wp-content\/uploads\/2023\/05\/IMG_0577-1024x768.jpg 1024w, http:\/\/www.ekirestaurante.com.br\/novo\/wp-content\/uploads\/2023\/05\/IMG_0577-300x225.jpg 300w, http:\/\/www.ekirestaurante.com.br\/novo\/wp-content\/uploads\/2023\/05\/IMG_0577-768x576.jpg 768w, http:\/\/www.ekirestaurante.com.br\/novo\/wp-content\/uploads\/2023\/05\/IMG_0577-1536x1152.jpg 1536w, http:\/\/www.ekirestaurante.com.br\/novo\/wp-content\/uploads\/2023\/05\/IMG_0577-2048x1536.jpg 2048w\" sizes=\"auto, (max-width: 492px) 100vw, 492px\" \/><\/a><\/figure>\n","protected":false},"excerpt":{"rendered":"<p>Eki significa esta\u00e7\u00e3o de trem em japon\u00eas. No Jap\u00e3o, uma esta\u00e7\u00e3o de trem \u00e9 um centro de converg\u00eancia de milhares de pessoas, onde encontram-se lojas de departamento, conveni\u00eancia, servi\u00e7os dos mais variados tipos, exposi\u00e7\u00f5es de arte e, principalmente, lojas de alimenta\u00e7\u00e3o, como cafeterias, quiosques, bares e restaurantes. O h\u00e1bito de comer andando n\u00e3o \u00e9 bem &hellip; <a href=\"http:\/\/www.ekirestaurante.com.br\/novo\/index.php\/sobre-o-eki\/\" class=\"more-link\">Continuar lendo <span class=\"screen-reader-text\">Sobre o Eki<\/span><\/a><\/p>\n","protected":false},"author":2,"featured_media":0,"parent":0,"menu_order":20,"comment_status":"closed","ping_status":"closed","template":"","meta":{"footnotes":""},"class_list":["post-6","page","type-page","status-publish","hentry"],"acf":[],"_links":{"self":[{"href":"http:\/\/www.ekirestaurante.com.br\/novo\/index.php\/wp-json\/wp\/v2\/pages\/6","targetHints":{"allow":["GET"]}}],"collection":[{"href":"http:\/\/www.ekirestaurante.com.br\/novo\/index.php\/wp-json\/wp\/v2\/pages"}],"about":[{"href":"http:\/\/www.ekirestaurante.com.br\/novo\/index.php\/wp-json\/wp\/v2\/types\/page"}],"author":[{"embeddable":true,"href":"http:\/\/www.ekirestaurante.com.br\/novo\/index.php\/wp-json\/wp\/v2\/users\/2"}],"replies":[{"embeddable":true,"href":"http:\/\/www.ekirestaurante.com.br\/novo\/index.php\/wp-json\/wp\/v2\/comments?post=6"}],"version-history":[{"count":29,"href":"http:\/\/www.ekirestaurante.com.br\/novo\/index.php\/wp-json\/wp\/v2\/pages\/6\/revisions"}],"predecessor-version":[{"id":717,"href":"http:\/\/www.ekirestaurante.com.br\/novo\/index.php\/wp-json\/wp\/v2\/pages\/6\/revisions\/717"}],"wp:attachment":[{"href":"http:\/\/www.ekirestaurante.com.br\/novo\/index.php\/wp-json\/wp\/v2\/media?parent=6"}],"curies":[{"name":"wp","href":"https:\/\/api.w.org\/{rel}","templated":true}]}}